{"id":1139,"date":"2023-11-17T20:56:47","date_gmt":"2023-11-17T19:56:47","guid":{"rendered":"https:\/\/marnaud-avocat.fr\/?page_id=1139"},"modified":"2023-11-25T20:14:38","modified_gmt":"2023-11-25T19:14:38","slug":"politique-de-confidentialite","status":"publish","type":"page","link":"https:\/\/marnaud-avocat.fr\/index.php\/politique-de-confidentialite\/","title":{"rendered":"Politique de confidentialit\u00e9"},"content":{"rendered":"\t\t<div data-elementor-type=\"wp-page\" data-elementor-id=\"1139\" class=\"elementor elementor-1139\">\n\t\t\t\t\t\t\t<div class=\"elementor-element elementor-element-5e223f59 e-flex e-con-boxed e-con e-parent\" data-id=\"5e223f59\" data-element_type=\"container\" data-settings=\"{&quot;content_width&quot;:&quot;boxed&quot;}\" data-core-v316-plus=\"true\">\n\t\t\t\t\t<div class=\"e-con-inner\">\n\t\t\t\t<div class=\"elementor-element elementor-element-2aeba322 elementor-widget elementor-widget-text-editor\" data-id=\"2aeba322\" data-element_type=\"widget\" data-widget_type=\"text-editor.default\">\n\t\t\t\t<div class=\"elementor-widget-container\">\n\t\t\t<style>\/*! elementor - v3.17.0 - 08-11-2023 *\/\n.elementor-widget-text-editor.elementor-drop-cap-view-stacked .elementor-drop-cap{background-color:#69727d;color:#fff}.elementor-widget-text-editor.elementor-drop-cap-view-framed .elementor-drop-cap{color:#69727d;border:3px solid;background-color:transparent}.elementor-widget-text-editor:not(.elementor-drop-cap-view-default) .elementor-drop-cap{margin-top:8px}.elementor-widget-text-editor:not(.elementor-drop-cap-view-default) .elementor-drop-cap-letter{width:1em;height:1em}.elementor-widget-text-editor .elementor-drop-cap{float:left;text-align:center;line-height:1;font-size:50px}.elementor-widget-text-editor .elementor-drop-cap-letter{display:inline-block}<\/style>\t\t\t\t<p><!-- wp:heading --><\/p>\n<h1><strong>POLITIQUE DE CONFIDENTIALITE<\/strong> <\/h1>\n<p>Derni\u00e8re mise \u00e0 jour : 26 Novembre 2023<\/p>\n<p>Nous vous informons que https:\/\/marnaud-avocat.fr ne collecte aucune donn\u00e9e personnelle lorsque vous naviguez sur notre site web. Vous pouvez parcourir nos pages en toute confidentialit\u00e9, sans avoir \u00e0 fournir d&rsquo;informations personnelles.<\/p>\n<p><span style=\"text-decoration: underline;\"><strong>Cookies :<\/strong><\/span><\/p>\n<p>Nous utilisons des cookies pour am\u00e9liorer votre exp\u00e9rience de navigation. Ces cookies ne collectent pas d&rsquo;informations personnelles et servent uniquement \u00e0 optimiser les performances du site.<\/p>\n<p><span style=\"text-decoration: underline;\"><strong>Liens vers des Sites Tiers :<\/strong><\/span><\/p>\n<p>Notre site peut contenir des liens vers d&rsquo;autres sites web. Nous ne sommes pas responsables des pratiques de confidentialit\u00e9 de ces sites tiers. Nous vous encourageons \u00e0 lire les politiques de confidentialit\u00e9 de chaque site que vous visitez.<\/p>\n<p><span style=\"text-decoration: underline;\"><strong>Modifications de la Politique de Confidentialit\u00e9 :<\/strong><\/span><\/p>\n<p>Si nous d\u00e9cidons de changer notre politique de confidentialit\u00e9, nous publierons ces changements sur cette page.<\/p>\n<p>Si vous avez des questions concernant cette politique de confidentialit\u00e9, vous pouvez nous contacter \u00e0 m.arnaud.avocat<i class=\"fas fa-at\"><\/i> icloud.com.<\/p>\n<p><!-- \/wp:paragraph --><\/p>\t\t\t\t\t\t<\/div>\n\t\t\t\t<\/div>\n\t\t\t\t\t<\/div>\n\t\t\t\t<\/div>\n\t\t\t\t\t\t\t<\/div>\n\t\t","protected":false},"excerpt":{"rendered":"<p>POLITIQUE DE CONFIDENTIALITE Derni\u00e8re mise \u00e0 jour : 26 Novembre 2023 Nous vous informons que ne collecte aucune donn\u00e9e personnelle lorsque vous naviguez sur notre site web. Vous pouvez parcourir nos pages en toute confidentialit\u00e9, sans avoir \u00e0 fournir d&rsquo;informations personnelles. Cookies : Nous utilisons des cookies pour am\u00e9liorer votre exp\u00e9rience de navigation. Ces cookies [&hellip;]<\/p>\n","protected":false},"author":2,"featured_media":0,"parent":0,"menu_order":0,"comment_status":"closed","ping_status":"closed","template":"","meta":{"footnotes":""},"yoast_head":"<!-- This site is optimized with the Yoast SEO plugin v21.8 - https:\/\/yoast.com\/wordpress\/plugins\/seo\/ -->\n<title>Politique de confidentialit\u00e9 - Manon Arnaud<\/title>\n<meta name=\"robots\" content=\"index, follow, max-snippet:-1, max-image-preview:large, max-video-preview:-1\" \/>\n<link rel=\"canonical\" href=\"https:\/\/marnaud-avocat.fr\/index.php\/politique-de-confidentialite\/\" \/>\n<meta property=\"og:locale\" content=\"fr_FR\" \/>\n<meta property=\"og:type\" content=\"article\" \/>\n<meta property=\"og:title\" content=\"Politique de confidentialit\u00e9 - Manon Arnaud\" \/>\n<meta property=\"og:description\" content=\"POLITIQUE DE CONFIDENTIALITE Derni\u00e8re mise \u00e0 jour : 26 Novembre 2023 Nous vous informons que ne collecte aucune donn\u00e9e personnelle lorsque vous naviguez sur notre site web. Vous pouvez parcourir nos pages en toute confidentialit\u00e9, sans avoir \u00e0 fournir d&rsquo;informations personnelles. Cookies : Nous utilisons des cookies pour am\u00e9liorer votre exp\u00e9rience de navigation. Ces cookies [&hellip;]\" \/>\n<meta property=\"og:url\" content=\"https:\/\/marnaud-avocat.fr\/index.php\/politique-de-confidentialite\/\" \/>\n<meta property=\"og:site_name\" content=\"Manon Arnaud\" \/>\n<meta property=\"article:modified_time\" content=\"2023-11-25T19:14:38+00:00\" \/>\n<meta property=\"og:image\" content=\"https:\/\/marnaud-avocat.fr\/wp-content\/uploads\/2023\/11\/logo-cinzel-300.png\" \/>\n\t<meta property=\"og:image:width\" content=\"300\" \/>\n\t<meta property=\"og:image:height\" content=\"147\" \/>\n\t<meta property=\"og:image:type\" content=\"image\/png\" \/>\n<meta name=\"twitter:card\" content=\"summary_large_image\" \/>\n<meta name=\"twitter:label1\" content=\"Dur\u00e9e de lecture estim\u00e9e\" \/>\n\t<meta name=\"twitter:data1\" content=\"1 minute\" \/>\n<script type=\"application\/ld+json\" class=\"yoast-schema-graph\">{\"@context\":\"https:\/\/schema.org\",\"@graph\":[{\"@type\":\"WebPage\",\"@id\":\"https:\/\/marnaud-avocat.fr\/index.php\/politique-de-confidentialite\/\",\"url\":\"https:\/\/marnaud-avocat.fr\/index.php\/politique-de-confidentialite\/\",\"name\":\"Politique de confidentialit\u00e9 - Manon Arnaud\",\"isPartOf\":{\"@id\":\"https:\/\/marnaud-avocat.fr\/#website\"},\"datePublished\":\"2023-11-17T19:56:47+00:00\",\"dateModified\":\"2023-11-25T19:14:38+00:00\",\"breadcrumb\":{\"@id\":\"https:\/\/marnaud-avocat.fr\/index.php\/politique-de-confidentialite\/#breadcrumb\"},\"inLanguage\":\"fr-FR\",\"potentialAction\":[{\"@type\":\"ReadAction\",\"target\":[\"https:\/\/marnaud-avocat.fr\/index.php\/politique-de-confidentialite\/\"]}]},{\"@type\":\"BreadcrumbList\",\"@id\":\"https:\/\/marnaud-avocat.fr\/index.php\/politique-de-confidentialite\/#breadcrumb\",\"itemListElement\":[{\"@type\":\"ListItem\",\"position\":1,\"name\":\"Accueil\",\"item\":\"https:\/\/marnaud-avocat.fr\/\"},{\"@type\":\"ListItem\",\"position\":2,\"name\":\"Politique de confidentialit\u00e9\"}]},{\"@type\":\"WebSite\",\"@id\":\"https:\/\/marnaud-avocat.fr\/#website\",\"url\":\"https:\/\/marnaud-avocat.fr\/\",\"name\":\"marnaud-avocat.fr\",\"description\":\"Avocate au barreau de Montpellier\",\"publisher\":{\"@id\":\"https:\/\/marnaud-avocat.fr\/#\/schema\/person\/a66ec8ef8078573972fde13cfda3fd22\"},\"potentialAction\":[{\"@type\":\"SearchAction\",\"target\":{\"@type\":\"EntryPoint\",\"urlTemplate\":\"https:\/\/marnaud-avocat.fr\/?s={search_term_string}\"},\"query-input\":\"required name=search_term_string\"}],\"inLanguage\":\"fr-FR\"},{\"@type\":[\"Person\",\"Organization\"],\"@id\":\"https:\/\/marnaud-avocat.fr\/#\/schema\/person\/a66ec8ef8078573972fde13cfda3fd22\",\"name\":\"marnaud\",\"image\":{\"@type\":\"ImageObject\",\"inLanguage\":\"fr-FR\",\"@id\":\"https:\/\/marnaud-avocat.fr\/#\/schema\/person\/image\/\",\"url\":\"https:\/\/marnaud-avocat.fr\/wp-content\/uploads\/2023\/11\/logo-cinzel-300.png\",\"contentUrl\":\"https:\/\/marnaud-avocat.fr\/wp-content\/uploads\/2023\/11\/logo-cinzel-300.png\",\"width\":300,\"height\":147,\"caption\":\"marnaud\"},\"logo\":{\"@id\":\"https:\/\/marnaud-avocat.fr\/#\/schema\/person\/image\/\"},\"sameAs\":[\"http:\/\/marnaud-avocat.fr\"]}]}<\/script>\n<!-- \/ Yoast SEO plugin. -->","yoast_head_json":{"title":"Politique de confidentialit\u00e9 - Manon Arnaud","robots":{"index":"index","follow":"follow","max-snippet":"max-snippet:-1","max-image-preview":"max-image-preview:large","max-video-preview":"max-video-preview:-1"},"canonical":"https:\/\/marnaud-avocat.fr\/index.php\/politique-de-confidentialite\/","og_locale":"fr_FR","og_type":"article","og_title":"Politique de confidentialit\u00e9 - Manon Arnaud","og_description":"POLITIQUE DE CONFIDENTIALITE Derni\u00e8re mise \u00e0 jour : 26 Novembre 2023 Nous vous informons que ne collecte aucune donn\u00e9e personnelle lorsque vous naviguez sur notre site web. Vous pouvez parcourir nos pages en toute confidentialit\u00e9, sans avoir \u00e0 fournir d&rsquo;informations personnelles. Cookies : Nous utilisons des cookies pour am\u00e9liorer votre exp\u00e9rience de navigation. Ces cookies [&hellip;]","og_url":"https:\/\/marnaud-avocat.fr\/index.php\/politique-de-confidentialite\/","og_site_name":"Manon Arnaud","article_modified_time":"2023-11-25T19:14:38+00:00","og_image":[{"width":300,"height":147,"url":"https:\/\/marnaud-avocat.fr\/wp-content\/uploads\/2023\/11\/logo-cinzel-300.png","type":"image\/png"}],"twitter_card":"summary_large_image","twitter_misc":{"Dur\u00e9e de lecture estim\u00e9e":"1 minute"},"schema":{"@context":"https:\/\/schema.org","@graph":[{"@type":"WebPage","@id":"https:\/\/marnaud-avocat.fr\/index.php\/politique-de-confidentialite\/","url":"https:\/\/marnaud-avocat.fr\/index.php\/politique-de-confidentialite\/","name":"Politique de confidentialit\u00e9 - Manon Arnaud","isPartOf":{"@id":"https:\/\/marnaud-avocat.fr\/#website"},"datePublished":"2023-11-17T19:56:47+00:00","dateModified":"2023-11-25T19:14:38+00:00","breadcrumb":{"@id":"https:\/\/marnaud-avocat.fr\/index.php\/politique-de-confidentialite\/#breadcrumb"},"inLanguage":"fr-FR","potentialAction":[{"@type":"ReadAction","target":["https:\/\/marnaud-avocat.fr\/index.php\/politique-de-confidentialite\/"]}]},{"@type":"BreadcrumbList","@id":"https:\/\/marnaud-avocat.fr\/index.php\/politique-de-confidentialite\/#breadcrumb","itemListElement":[{"@type":"ListItem","position":1,"name":"Accueil","item":"https:\/\/marnaud-avocat.fr\/"},{"@type":"ListItem","position":2,"name":"Politique de confidentialit\u00e9"}]},{"@type":"WebSite","@id":"https:\/\/marnaud-avocat.fr\/#website","url":"https:\/\/marnaud-avocat.fr\/","name":"marnaud-avocat.fr","description":"Avocate au barreau de Montpellier","publisher":{"@id":"https:\/\/marnaud-avocat.fr\/#\/schema\/person\/a66ec8ef8078573972fde13cfda3fd22"},"potentialAction":[{"@type":"SearchAction","target":{"@type":"EntryPoint","urlTemplate":"https:\/\/marnaud-avocat.fr\/?s={search_term_string}"},"query-input":"required name=search_term_string"}],"inLanguage":"fr-FR"},{"@type":["Person","Organization"],"@id":"https:\/\/marnaud-avocat.fr\/#\/schema\/person\/a66ec8ef8078573972fde13cfda3fd22","name":"marnaud","image":{"@type":"ImageObject","inLanguage":"fr-FR","@id":"https:\/\/marnaud-avocat.fr\/#\/schema\/person\/image\/","url":"https:\/\/marnaud-avocat.fr\/wp-content\/uploads\/2023\/11\/logo-cinzel-300.png","contentUrl":"https:\/\/marnaud-avocat.fr\/wp-content\/uploads\/2023\/11\/logo-cinzel-300.png","width":300,"height":147,"caption":"marnaud"},"logo":{"@id":"https:\/\/marnaud-avocat.fr\/#\/schema\/person\/image\/"},"sameAs":["http:\/\/marnaud-avocat.fr"]}]}},"_links":{"self":[{"href":"https:\/\/marnaud-avocat.fr\/index.php\/wp-json\/wp\/v2\/pages\/1139"}],"collection":[{"href":"https:\/\/marnaud-avocat.fr\/index.php\/wp-json\/wp\/v2\/pages"}],"about":[{"href":"https:\/\/marnaud-avocat.fr\/index.php\/wp-json\/wp\/v2\/types\/page"}],"author":[{"embeddable":true,"href":"https:\/\/marnaud-avocat.fr\/index.php\/wp-json\/wp\/v2\/users\/2"}],"replies":[{"embeddable":true,"href":"https:\/\/marnaud-avocat.fr\/index.php\/wp-json\/wp\/v2\/comments?post=1139"}],"version-history":[{"count":12,"href":"https:\/\/marnaud-avocat.fr\/index.php\/wp-json\/wp\/v2\/pages\/1139\/revisions"}],"predecessor-version":[{"id":4121,"href":"https:\/\/marnaud-avocat.fr\/index.php\/wp-json\/wp\/v2\/pages\/1139\/revisions\/4121"}],"wp:attachment":[{"href":"https:\/\/marnaud-avocat.fr\/index.php\/wp-json\/wp\/v2\/media?parent=1139"}],"curies":[{"name":"wp","href":"https:\/\/api.w.org\/{rel}","templated":true}]}}